{"id":244,"date":"2016-07-02T06:40:24","date_gmt":"2016-07-02T06:40:24","guid":{"rendered":"http:\/\/demo.massivedynamic.co\/business-consulting\/?page_id=5"},"modified":"2017-05-29T11:14:15","modified_gmt":"2017-05-29T09:14:15","slug":"home","status":"publish","type":"page","link":"http:\/\/www.gameproject.fr\/site\/corporate\/","title":{"rendered":"Home"},"content":{"rendered":"","protected":false},"excerpt":{"rendered":"","protected":false},"author":3,"featured_media":0,"parent":0,"menu_order":0,"comment_status":"closed","ping_status":"closed","template":"","meta":[],"yoast_head":"<!-- This site is optimized with the Yoast SEO plugin v17.8 - https:\/\/yoast.com\/wordpress\/plugins\/seo\/ -->\n<title>Vous voulez r\u00e9aliser un Serious-Game ? - GameProject<\/title>\n<meta name=\"description\" content=\"Depuis 2003, nous vous accompagnons \u00e0 chaque \u00e9tape de votre projet Serious-Games ou Jeux-Vid\u00e9os, afin que ceux-ci soient des r\u00e9ussites.\" \/>\n<meta name=\"robots\" content=\"index, follow, max-snippet:-1, max-image-preview:large, max-video-preview:-1\" \/>\n<link rel=\"canonical\" href=\"https:\/\/www.gameproject.fr\/site\/corporate\/\" \/>\n<meta property=\"og:locale\" content=\"fr_FR\" \/>\n<meta property=\"og:type\" content=\"article\" \/>\n<meta property=\"og:title\" content=\"Vous voulez r\u00e9aliser un Serious-Game ? - GameProject\" \/>\n<meta property=\"og:description\" content=\"Depuis 2003, nous vous accompagnons \u00e0 chaque \u00e9tape de votre projet Serious-Games ou Jeux-Vid\u00e9os, afin que ceux-ci soient des r\u00e9ussites.\" \/>\n<meta property=\"og:url\" content=\"https:\/\/www.gameproject.fr\/site\/corporate\/\" \/>\n<meta property=\"og:site_name\" content=\"GameProject\" \/>\n<meta property=\"article:modified_time\" content=\"2017-05-29T09:14:15+00:00\" \/>\n<meta property=\"og:image\" content=\"http:\/\/www.gameproject.fr\/site\/corporate\/wp-content\/uploads\/sites\/2\/2017\/02\/pictos-vert.png\" \/>\n<meta name=\"twitter:card\" content=\"summary\" \/>\n<meta name=\"twitter:label1\" content=\"Dur\u00e9e de lecture estim\u00e9e\" \/>\n\t<meta name=\"twitter:data1\" content=\"22 minutes\" \/>\n<script type=\"application\/ld+json\" class=\"yoast-schema-graph\">{\"@context\":\"https:\/\/schema.org\",\"@graph\":[{\"@type\":\"WebSite\",\"@id\":\"https:\/\/www.gameproject.fr\/site\/corporate\/#website\",\"url\":\"https:\/\/www.gameproject.fr\/site\/corporate\/\",\"name\":\"GameProject\",\"description\":\"Faites avancer vos projets de Jeux-Vid\\u00e9os\",\"potentialAction\":[{\"@type\":\"SearchAction\",\"target\":{\"@type\":\"EntryPoint\",\"urlTemplate\":\"https:\/\/www.gameproject.fr\/site\/corporate\/?s={search_term_string}\"},\"query-input\":\"required name=search_term_string\"}],\"inLanguage\":\"fr-FR\"},{\"@type\":\"ImageObject\",\"@id\":\"https:\/\/www.gameproject.fr\/site\/corporate\/#primaryimage\",\"inLanguage\":\"fr-FR\",\"url\":\"http:\/\/www.gameproject.fr\/site\/corporate\/wp-content\/uploads\/sites\/2\/2017\/02\/pictos-vert.png\",\"contentUrl\":\"http:\/\/www.gameproject.fr\/site\/corporate\/wp-content\/uploads\/sites\/2\/2017\/02\/pictos-vert.png\",\"width\":30,\"height\":32,\"caption\":\"pictogramme Vert\"},{\"@type\":\"WebPage\",\"@id\":\"https:\/\/www.gameproject.fr\/site\/corporate\/#webpage\",\"url\":\"https:\/\/www.gameproject.fr\/site\/corporate\/\",\"name\":\"Vous voulez r\\u00e9aliser un Serious-Game ? - GameProject\",\"isPartOf\":{\"@id\":\"https:\/\/www.gameproject.fr\/site\/corporate\/#website\"},\"primaryImageOfPage\":{\"@id\":\"https:\/\/www.gameproject.fr\/site\/corporate\/#primaryimage\"},\"datePublished\":\"2016-07-02T06:40:24+00:00\",\"dateModified\":\"2017-05-29T09:14:15+00:00\",\"description\":\"Depuis 2003, nous vous accompagnons \\u00e0 chaque \\u00e9tape de votre projet Serious-Games ou Jeux-Vid\\u00e9os, afin que ceux-ci soient des r\\u00e9ussites.\",\"breadcrumb\":{\"@id\":\"https:\/\/www.gameproject.fr\/site\/corporate\/#breadcrumb\"},\"inLanguage\":\"fr-FR\",\"potentialAction\":[{\"@type\":\"ReadAction\",\"target\":[\"https:\/\/www.gameproject.fr\/site\/corporate\/\"]}]},{\"@type\":\"BreadcrumbList\",\"@id\":\"https:\/\/www.gameproject.fr\/site\/corporate\/#breadcrumb\",\"itemListElement\":[{\"@type\":\"ListItem\",\"position\":1,\"name\":\"Accueil\",\"item\":\"https:\/\/www.gameproject.fr\/site\/corporate\/\"},{\"@type\":\"ListItem\",\"position\":2,\"name\":\"Home\"}]}]}<\/script>\n<!-- \/ Yoast SEO plugin. -->","yoast_head_json":{"title":"Vous voulez r\u00e9aliser un Serious-Game ? - GameProject","description":"Depuis 2003, nous vous accompagnons \u00e0 chaque \u00e9tape de votre projet Serious-Games ou Jeux-Vid\u00e9os, afin que ceux-ci soient des r\u00e9ussites.","robots":{"index":"index","follow":"follow","max-snippet":"max-snippet:-1","max-image-preview":"max-image-preview:large","max-video-preview":"max-video-preview:-1"},"canonical":"https:\/\/www.gameproject.fr\/site\/corporate\/","og_locale":"fr_FR","og_type":"article","og_title":"Vous voulez r\u00e9aliser un Serious-Game ? - GameProject","og_description":"Depuis 2003, nous vous accompagnons \u00e0 chaque \u00e9tape de votre projet Serious-Games ou Jeux-Vid\u00e9os, afin que ceux-ci soient des r\u00e9ussites.","og_url":"https:\/\/www.gameproject.fr\/site\/corporate\/","og_site_name":"GameProject","article_modified_time":"2017-05-29T09:14:15+00:00","og_image":[{"url":"http:\/\/www.gameproject.fr\/site\/corporate\/wp-content\/uploads\/sites\/2\/2017\/02\/pictos-vert.png"}],"twitter_card":"summary","twitter_misc":{"Dur\u00e9e de lecture estim\u00e9e":"22 minutes"},"schema":{"@context":"https:\/\/schema.org","@graph":[{"@type":"WebSite","@id":"https:\/\/www.gameproject.fr\/site\/corporate\/#website","url":"https:\/\/www.gameproject.fr\/site\/corporate\/","name":"GameProject","description":"Faites avancer vos projets de Jeux-Vid\u00e9os","potentialAction":[{"@type":"SearchAction","target":{"@type":"EntryPoint","urlTemplate":"https:\/\/www.gameproject.fr\/site\/corporate\/?s={search_term_string}"},"query-input":"required name=search_term_string"}],"inLanguage":"fr-FR"},{"@type":"ImageObject","@id":"https:\/\/www.gameproject.fr\/site\/corporate\/#primaryimage","inLanguage":"fr-FR","url":"http:\/\/www.gameproject.fr\/site\/corporate\/wp-content\/uploads\/sites\/2\/2017\/02\/pictos-vert.png","contentUrl":"http:\/\/www.gameproject.fr\/site\/corporate\/wp-content\/uploads\/sites\/2\/2017\/02\/pictos-vert.png","width":30,"height":32,"caption":"pictogramme Vert"},{"@type":"WebPage","@id":"https:\/\/www.gameproject.fr\/site\/corporate\/#webpage","url":"https:\/\/www.gameproject.fr\/site\/corporate\/","name":"Vous voulez r\u00e9aliser un Serious-Game ? - GameProject","isPartOf":{"@id":"https:\/\/www.gameproject.fr\/site\/corporate\/#website"},"primaryImageOfPage":{"@id":"https:\/\/www.gameproject.fr\/site\/corporate\/#primaryimage"},"datePublished":"2016-07-02T06:40:24+00:00","dateModified":"2017-05-29T09:14:15+00:00","description":"Depuis 2003, nous vous accompagnons \u00e0 chaque \u00e9tape de votre projet Serious-Games ou Jeux-Vid\u00e9os, afin que ceux-ci soient des r\u00e9ussites.","breadcrumb":{"@id":"https:\/\/www.gameproject.fr\/site\/corporate\/#breadcrumb"},"inLanguage":"fr-FR","potentialAction":[{"@type":"ReadAction","target":["https:\/\/www.gameproject.fr\/site\/corporate\/"]}]},{"@type":"BreadcrumbList","@id":"https:\/\/www.gameproject.fr\/site\/corporate\/#breadcrumb","itemListElement":[{"@type":"ListItem","position":1,"name":"Accueil","item":"https:\/\/www.gameproject.fr\/site\/corporate\/"},{"@type":"ListItem","position":2,"name":"Home"}]}]}},"_links":{"self":[{"href":"http:\/\/www.gameproject.fr\/site\/corporate\/wp-json\/wp\/v2\/pages\/244"}],"collection":[{"href":"http:\/\/www.gameproject.fr\/site\/corporate\/wp-json\/wp\/v2\/pages"}],"about":[{"href":"http:\/\/www.gameproject.fr\/site\/corporate\/wp-json\/wp\/v2\/types\/page"}],"author":[{"embeddable":true,"href":"http:\/\/www.gameproject.fr\/site\/corporate\/wp-json\/wp\/v2\/users\/3"}],"replies":[{"embeddable":true,"href":"http:\/\/www.gameproject.fr\/site\/corporate\/wp-json\/wp\/v2\/comments?post=244"}],"version-history":[{"count":139,"href":"http:\/\/www.gameproject.fr\/site\/corporate\/wp-json\/wp\/v2\/pages\/244\/revisions"}],"predecessor-version":[{"id":540,"href":"http:\/\/www.gameproject.fr\/site\/corporate\/wp-json\/wp\/v2\/pages\/244\/revisions\/540"}],"wp:attachment":[{"href":"http:\/\/www.gameproject.fr\/site\/corporate\/wp-json\/wp\/v2\/media?parent=244"}],"curies":[{"name":"wp","href":"https:\/\/api.w.org\/{rel}","templated":true}]}}